{"id":1477,"date":"2024-12-28T14:05:19","date_gmt":"2024-12-28T14:05:19","guid":{"rendered":"https:\/\/moccasin-herring-584669.hostingersite.com\/?page_id=1477"},"modified":"2025-07-24T16:35:33","modified_gmt":"2025-07-24T16:35:33","slug":"emergencia-dental","status":"publish","type":"page","link":"https:\/\/odontologostampa.com\/?page_id=1477","title":{"rendered":"Emergencia Dental"},"content":{"rendered":"\t\t<div data-elementor-type=\"wp-page\" data-elementor-id=\"1477\" class=\"elementor elementor-1477\" data-elementor-post-type=\"page\">\n\t\t\t\t<div class=\"elementor-element elementor-element-d485528 e-con-full e-flex e-con e-parent\" data-id=\"d485528\" data-element_type=\"container\" data-e-type=\"container\" data-settings=\"{&quot;background_background&quot;:&quot;classic&quot;}\">\n\t\t<div class=\"elementor-element elementor-element-c5ff0b5 e-con-full e-flex e-con e-child\" data-id=\"c5ff0b5\" data-element_type=\"container\" data-e-type=\"container\">\n\t\t\t\t<div class=\"elementor-element elementor-element-f0ba27a elementor-widget elementor-widget-heading\" data-id=\"f0ba27a\" data-element_type=\"widget\" data-e-type=\"widget\" data-widget_type=\"heading.default\">\n\t\t\t\t<div class=\"elementor-widget-container\">\n\t\t\t\t\t<h2 class=\"elementor-heading-title elementor-size-default\">Emergencia Dental Tampa<br>\n\u00a1Evaluaci\u00f3n Gratuita!<\/h2>\t\t\t\t<\/div>\n\t\t\t\t<\/div>\n\t\t\t\t<div class=\"elementor-element elementor-element-133aedb elementor-widget elementor-widget-text-editor\" data-id=\"133aedb\" data-element_type=\"widget\" data-e-type=\"widget\" data-widget_type=\"text-editor.default\">\n\t\t\t\t<div class=\"elementor-widget-container\">\n\t\t\t\t\t\t\t\t\t<h4><span style=\"color: #000000;\">Dentista de urgencias asequible en Tampa<\/span><\/h4><p>No permita que el dolor dental interrumpa su d\u00eda. Ya sea que tenga dolor de muelas, infecci\u00f3n u otra emergencia dental, nuestro equipo est\u00e1 aqu\u00ed para ayudarlo. Comun\u00edquese con nosotros de inmediato para programar una cita de emergencia dental el mismo d\u00eda en Tampa.<\/p>\t\t\t\t\t\t\t\t<\/div>\n\t\t\t\t<\/div>\n\t\t\t\t<\/div>\n\t\t<div class=\"elementor-element elementor-element-112ab60 e-con-full e-flex e-con e-child\" data-id=\"112ab60\" data-element_type=\"container\" data-e-type=\"container\">\n\t\t\t\t<\/div>\n\t\t\t\t<\/div>\n\t\t<div class=\"elementor-element elementor-element-91662be e-flex e-con-boxed e-con e-parent\" data-id=\"91662be\" data-element_type=\"container\" data-e-type=\"container\">\n\t\t\t\t\t<div class=\"e-con-inner\">\n\t\t\t\t<div class=\"elementor-element elementor-element-f303d15 elementor-widget elementor-widget-text-editor\" data-id=\"f303d15\" data-element_type=\"widget\" data-e-type=\"widget\" data-widget_type=\"text-editor.default\">\n\t\t\t\t<div class=\"elementor-widget-container\">\n\t\t\t\t\t\t\t\t\t<h2>Atenci\u00f3n Integral de Urgencias Dentales<\/h2><p>\u00a0Comprendemos la urgencia de las emergencias dentales y estamos preparados para brindar atenci\u00f3n r\u00e1pida y eficaz. Nuestro dentista de urgencias especializado en Tampa trata una variedad de emergencias dentales, entre ellas:<\/p>\t\t\t\t\t\t\t\t<\/div>\n\t\t\t\t<\/div>\n\t\t\t\t\t<\/div>\n\t\t\t\t<\/div>\n\t\t<div class=\"elementor-element elementor-element-6c328ca e-flex e-con-boxed e-con e-parent\" data-id=\"6c328ca\" data-element_type=\"container\" data-e-type=\"container\">\n\t\t\t\t\t<div class=\"e-con-inner\">\n\t\t<div class=\"elementor-element elementor-element-71980bd e-con-full e-flex e-con e-child\" data-id=\"71980bd\" data-element_type=\"container\" data-e-type=\"container\">\n\t\t\t\t<div class=\"elementor-element elementor-element-dc1a007 elementor-widget elementor-widget-image\" data-id=\"dc1a007\" data-element_type=\"widget\" data-e-type=\"widget\" data-widget_type=\"image.default\">\n\t\t\t\t<div class=\"elementor-widget-container\">\n\t\t\t\t\t\t\t\t\t\t\t\t\t\t\t<img decoding=\"async\" src=\"https:\/\/odontologostampa.com\/wp-content\/uploads\/elementor\/thumbs\/dental-crown-qz6da8bqxrazip1d39d7o5cpfcrdfd2qoizscbnbxc.png\" title=\"dental-crown\" alt=\"dental-crown\" loading=\"lazy\" \/>\t\t\t\t\t\t\t\t\t\t\t\t\t\t\t<\/div>\n\t\t\t\t<\/div>\n\t\t\t\t<div class=\"elementor-element elementor-element-50981cc elementor-widget elementor-widget-heading\" data-id=\"50981cc\" data-element_type=\"widget\" data-e-type=\"widget\" data-widget_type=\"heading.default\">\n\t\t\t\t<div class=\"elementor-widget-container\">\n\t\t\t\t\t<h4 class=\"elementor-heading-title elementor-size-default\">Corona o puente dental roto<\/h4>\t\t\t\t<\/div>\n\t\t\t\t<\/div>\n\t\t\t\t<\/div>\n\t\t<div class=\"elementor-element elementor-element-bc1f4d4 e-con-full e-flex e-con e-child\" data-id=\"bc1f4d4\" data-element_type=\"container\" data-e-type=\"container\">\n\t\t\t\t<div class=\"elementor-element elementor-element-5374f86 elementor-widget elementor-widget-image\" data-id=\"5374f86\" data-element_type=\"widget\" data-e-type=\"widget\" data-widget_type=\"image.default\">\n\t\t\t\t<div class=\"elementor-widget-container\">\n\t\t\t\t\t\t\t\t\t\t\t\t\t\t\t<img decoding=\"async\" src=\"https:\/\/odontologostampa.com\/wp-content\/uploads\/elementor\/thumbs\/roto-qz6da4ke6f5u896tp7qpe6av1t9wkkntc0duf7swm8.png\" title=\"roto\" alt=\"roto\" loading=\"lazy\" \/>\t\t\t\t\t\t\t\t\t\t\t\t\t\t\t<\/div>\n\t\t\t\t<\/div>\n\t\t\t\t<div class=\"elementor-element elementor-element-4afcf92 elementor-widget elementor-widget-heading\" data-id=\"4afcf92\" data-element_type=\"widget\" data-e-type=\"widget\" data-widget_type=\"heading.default\">\n\t\t\t\t<div class=\"elementor-widget-container\">\n\t\t\t\t\t<h4 class=\"elementor-heading-title elementor-size-default\">Diente roto<\/h4>\t\t\t\t<\/div>\n\t\t\t\t<\/div>\n\t\t\t\t<\/div>\n\t\t<div class=\"elementor-element elementor-element-8257b33 e-con-full e-flex e-con e-child\" data-id=\"8257b33\" data-element_type=\"container\" data-e-type=\"container\">\n\t\t\t\t<div class=\"elementor-element elementor-element-39346cc elementor-widget elementor-widget-image\" data-id=\"39346cc\" data-element_type=\"widget\" data-e-type=\"widget\" data-widget_type=\"image.default\">\n\t\t\t\t<div class=\"elementor-widget-container\">\n\t\t\t\t\t\t\t\t\t\t\t\t\t\t\t<img decoding=\"async\" src=\"https:\/\/odontologostampa.com\/wp-content\/uploads\/elementor\/thumbs\/diente-qz6da5i8d974jv5gjq5byo2bn759s9rjo51bwhrig0.png\" title=\"diente\" alt=\"diente\" loading=\"lazy\" \/>\t\t\t\t\t\t\t\t\t\t\t\t\t\t\t<\/div>\n\t\t\t\t<\/div>\n\t\t\t\t<div class=\"elementor-element elementor-element-7fc5019 elementor-widget elementor-widget-heading\" data-id=\"7fc5019\" data-element_type=\"widget\" data-e-type=\"widget\" data-widget_type=\"heading.default\">\n\t\t\t\t<div class=\"elementor-widget-container\">\n\t\t\t\t\t<h4 class=\"elementor-heading-title elementor-size-default\">Reemplazo de dentadura postiza<\/h4>\t\t\t\t<\/div>\n\t\t\t\t<\/div>\n\t\t\t\t<\/div>\n\t\t\t\t\t<\/div>\n\t\t\t\t<\/div>\n\t\t<div class=\"elementor-element elementor-element-2c9f077 e-flex e-con-boxed e-con e-parent\" data-id=\"2c9f077\" data-element_type=\"container\" data-e-type=\"container\">\n\t\t\t\t\t<div class=\"e-con-inner\">\n\t\t<div class=\"elementor-element elementor-element-05f66aa e-con-full e-flex e-con e-child\" data-id=\"05f66aa\" data-element_type=\"container\" data-e-type=\"container\">\n\t\t\t\t<div class=\"elementor-element elementor-element-8f5a014 elementor-widget elementor-widget-image\" data-id=\"8f5a014\" data-element_type=\"widget\" data-e-type=\"widget\" data-widget_type=\"image.default\">\n\t\t\t\t<div class=\"elementor-widget-container\">\n\t\t\t\t\t\t\t\t\t\t\t\t\t\t\t<img decoding=\"async\" src=\"https:\/\/odontologostampa.com\/wp-content\/uploads\/elementor\/thumbs\/instrumentos-qz6da6g2k38evh43e8jyj5ts8l0mzyva09otdrq49s.png\" title=\"instrumentos\" alt=\"instrumentos\" loading=\"lazy\" \/>\t\t\t\t\t\t\t\t\t\t\t\t\t\t\t<\/div>\n\t\t\t\t<\/div>\n\t\t\t\t<div class=\"elementor-element elementor-element-290f634 elementor-widget elementor-widget-heading\" data-id=\"290f634\" data-element_type=\"widget\" data-e-type=\"widget\" data-widget_type=\"heading.default\">\n\t\t\t\t<div class=\"elementor-widget-container\">\n\t\t\t\t\t<h4 class=\"elementor-heading-title elementor-size-default\">Cirug\u00eda oral de emergencia<\/h4>\t\t\t\t<\/div>\n\t\t\t\t<\/div>\n\t\t\t\t<\/div>\n\t\t<div class=\"elementor-element elementor-element-872ba24 e-con-full e-flex e-con e-child\" data-id=\"872ba24\" data-element_type=\"container\" data-e-type=\"container\">\n\t\t\t\t<div class=\"elementor-element elementor-element-0debb14 elementor-widget elementor-widget-image\" data-id=\"0debb14\" data-element_type=\"widget\" data-e-type=\"widget\" data-widget_type=\"image.default\">\n\t\t\t\t<div class=\"elementor-widget-container\">\n\t\t\t\t\t\t\t\t\t\t\t\t\t\t\t<img decoding=\"async\" src=\"https:\/\/odontologostampa.com\/wp-content\/uploads\/elementor\/thumbs\/infeccion-qz6da3mjzl4jwn86upc2tojegfejcvk2zvqcxxuasg.png\" title=\"infeccion\" alt=\"infeccion\" loading=\"lazy\" \/>\t\t\t\t\t\t\t\t\t\t\t\t\t\t\t<\/div>\n\t\t\t\t<\/div>\n\t\t\t\t<div class=\"elementor-element elementor-element-67a70dd elementor-widget elementor-widget-heading\" data-id=\"67a70dd\" data-element_type=\"widget\" data-e-type=\"widget\" data-widget_type=\"heading.default\">\n\t\t\t\t<div class=\"elementor-widget-container\">\n\t\t\t\t\t<h4 class=\"elementor-heading-title elementor-size-default\">Infecci\u00f3n de las enc\u00edas<\/h4>\t\t\t\t<\/div>\n\t\t\t\t<\/div>\n\t\t\t\t<\/div>\n\t\t<div class=\"elementor-element elementor-element-5f8ffc6 e-con-full e-flex e-con e-child\" data-id=\"5f8ffc6\" data-element_type=\"container\" data-e-type=\"container\">\n\t\t\t\t<div class=\"elementor-element elementor-element-4692d0f elementor-widget elementor-widget-image\" data-id=\"4692d0f\" data-element_type=\"widget\" data-e-type=\"widget\" data-widget_type=\"image.default\">\n\t\t\t\t<div class=\"elementor-widget-container\">\n\t\t\t\t\t\t\t\t\t\t\t\t\t\t\t<img decoding=\"async\" src=\"https:\/\/odontologostampa.com\/wp-content\/uploads\/elementor\/thumbs\/seda-floja-qz6da1qvlx1z9fax5oitop0h9nnsxhcmbmfdzdx34w.png\" title=\"seda-floja\" alt=\"seda-floja\" loading=\"lazy\" \/>\t\t\t\t\t\t\t\t\t\t\t\t\t\t\t<\/div>\n\t\t\t\t<\/div>\n\t\t\t\t<div class=\"elementor-element elementor-element-698470e elementor-widget elementor-widget-heading\" data-id=\"698470e\" data-element_type=\"widget\" data-e-type=\"widget\" data-widget_type=\"heading.default\">\n\t\t\t\t<div class=\"elementor-widget-container\">\n\t\t\t\t\t<h4 class=\"elementor-heading-title elementor-size-default\">Dientes flojos en adultos<\/h4>\t\t\t\t<\/div>\n\t\t\t\t<\/div>\n\t\t\t\t<\/div>\n\t\t\t\t\t<\/div>\n\t\t\t\t<\/div>\n\t\t<div class=\"elementor-element elementor-element-1c14e9d e-flex e-con-boxed e-con e-parent\" data-id=\"1c14e9d\" data-element_type=\"container\" data-e-type=\"container\">\n\t\t\t\t\t<div class=\"e-con-inner\">\n\t\t<div class=\"elementor-element elementor-element-30d88b6 e-con-full e-flex e-con e-child\" data-id=\"30d88b6\" data-element_type=\"container\" data-e-type=\"container\">\n\t\t\t\t<div class=\"elementor-element elementor-element-53dcd2f elementor-widget elementor-widget-image\" data-id=\"53dcd2f\" data-element_type=\"widget\" data-e-type=\"widget\" data-widget_type=\"image.default\">\n\t\t\t\t<div class=\"elementor-widget-container\">\n\t\t\t\t\t\t\t\t\t\t\t\t\t\t\t<img decoding=\"async\" src=\"https:\/\/odontologostampa.com\/wp-content\/uploads\/elementor\/thumbs\/biologia-qz6da0t1f30oxtcab6474790o9sfps8vzhrwi3yhb4.png\" title=\"biologia\" alt=\"biologia\" loading=\"lazy\" \/>\t\t\t\t\t\t\t\t\t\t\t\t\t\t\t<\/div>\n\t\t\t\t<\/div>\n\t\t\t\t<div class=\"elementor-element elementor-element-98b443f elementor-widget elementor-widget-heading\" data-id=\"98b443f\" data-element_type=\"widget\" data-e-type=\"widget\" data-widget_type=\"heading.default\">\n\t\t\t\t<div class=\"elementor-widget-container\">\n\t\t\t\t\t<h4 class=\"elementor-heading-title elementor-size-default\">Conducto radicular<\/h4>\t\t\t\t<\/div>\n\t\t\t\t<\/div>\n\t\t\t\t<\/div>\n\t\t<div class=\"elementor-element elementor-element-308f17f e-con-full e-flex e-con e-child\" data-id=\"308f17f\" data-element_type=\"container\" data-e-type=\"container\">\n\t\t\t\t<div class=\"elementor-element elementor-element-b0beee3 elementor-widget elementor-widget-image\" data-id=\"b0beee3\" data-element_type=\"widget\" data-e-type=\"widget\" data-widget_type=\"image.default\">\n\t\t\t\t<div class=\"elementor-widget-container\">\n\t\t\t\t\t\t\t\t\t\t\t\t\t\t\t<img decoding=\"async\" src=\"https:\/\/odontologostampa.com\/wp-content\/uploads\/elementor\/thumbs\/dentadura-qz6d9zv788zem7dngnpkjphk2vx2i355nd4f0tzvhc.png\" title=\"dentadura\" alt=\"dentadura\" loading=\"lazy\" \/>\t\t\t\t\t\t\t\t\t\t\t\t\t\t\t<\/div>\n\t\t\t\t<\/div>\n\t\t\t\t<div class=\"elementor-element elementor-element-7abe95f elementor-widget elementor-widget-heading\" data-id=\"7abe95f\" data-element_type=\"widget\" data-e-type=\"widget\" data-widget_type=\"heading.default\">\n\t\t\t\t<div class=\"elementor-widget-container\">\n\t\t\t\t\t<h4 class=\"elementor-heading-title elementor-size-default\">Dolor severo en la mand\u00edbula<\/h4>\t\t\t\t<\/div>\n\t\t\t\t<\/div>\n\t\t\t\t<\/div>\n\t\t<div class=\"elementor-element elementor-element-2454c96 e-con-full e-flex e-con e-child\" data-id=\"2454c96\" data-element_type=\"container\" data-e-type=\"container\">\n\t\t\t\t<div class=\"elementor-element elementor-element-0b01f5b elementor-widget elementor-widget-image\" data-id=\"0b01f5b\" data-element_type=\"widget\" data-e-type=\"widget\" data-widget_type=\"image.default\">\n\t\t\t\t<div class=\"elementor-widget-container\">\n\t\t\t\t\t\t\t\t\t\t\t\t\t\t\t<img decoding=\"async\" src=\"https:\/\/odontologostampa.com\/wp-content\/uploads\/elementor\/thumbs\/cirugia-dental-qz6d9xziukwtyzgdrmwbepymw46c2oxoz3tg2a2nts.png\" title=\"cirugia-dental\" alt=\"cirugia-dental\" loading=\"lazy\" \/>\t\t\t\t\t\t\t\t\t\t\t\t\t\t\t<\/div>\n\t\t\t\t<\/div>\n\t\t\t\t<div class=\"elementor-element elementor-element-cba15fc elementor-widget elementor-widget-heading\" data-id=\"cba15fc\" data-element_type=\"widget\" data-e-type=\"widget\" data-widget_type=\"heading.default\">\n\t\t\t\t<div class=\"elementor-widget-container\">\n\t\t\t\t\t<h4 class=\"elementor-heading-title elementor-size-default\">Dientes flojos en adultos<\/h4>\t\t\t\t<\/div>\n\t\t\t\t<\/div>\n\t\t\t\t<\/div>\n\t\t\t\t\t<\/div>\n\t\t\t\t<\/div>\n\t\t<div class=\"elementor-element elementor-element-8a57798 e-flex e-con-boxed e-con e-parent\" data-id=\"8a57798\" data-element_type=\"container\" data-e-type=\"container\">\n\t\t\t\t\t<div class=\"e-con-inner\">\n\t\t<div class=\"elementor-element elementor-element-6d7fb6c e-con-full e-flex e-con e-child\" data-id=\"6d7fb6c\" data-element_type=\"container\" data-e-type=\"container\">\n\t\t\t\t<div class=\"elementor-element elementor-element-4112334 elementor-widget elementor-widget-image\" data-id=\"4112334\" data-element_type=\"widget\" data-e-type=\"widget\" data-widget_type=\"image.default\">\n\t\t\t\t<div class=\"elementor-widget-container\">\n\t\t\t\t\t\t\t\t\t\t\t\t\t\t\t<img decoding=\"async\" src=\"https:\/\/odontologostampa.com\/wp-content\/uploads\/elementor\/thumbs\/salud-qz6da99l4lc9uazzxrru8n460qmqn26h0nn9tllxr4.png\" title=\"salud\" alt=\"salud\" loading=\"lazy\" \/>\t\t\t\t\t\t\t\t\t\t\t\t\t\t\t<\/div>\n\t\t\t\t<\/div>\n\t\t\t\t<div class=\"elementor-element elementor-element-fa4bb5a elementor-widget elementor-widget-heading\" data-id=\"fa4bb5a\" data-element_type=\"widget\" data-e-type=\"widget\" data-widget_type=\"heading.default\">\n\t\t\t\t<div class=\"elementor-widget-container\">\n\t\t\t\t\t<h4 class=\"elementor-heading-title elementor-size-default\">Tratamiento del dolor de muelas<\/h4>\t\t\t\t<\/div>\n\t\t\t\t<\/div>\n\t\t\t\t<\/div>\n\t\t<div class=\"elementor-element elementor-element-d07d18d e-con-full e-flex e-con e-child\" data-id=\"d07d18d\" data-element_type=\"container\" data-e-type=\"container\">\n\t\t\t\t<div class=\"elementor-element elementor-element-f0452bb elementor-widget elementor-widget-image\" data-id=\"f0452bb\" data-element_type=\"widget\" data-e-type=\"widget\" data-widget_type=\"image.default\">\n\t\t\t\t<div class=\"elementor-widget-container\">\n\t\t\t\t\t\t\t\t\t\t\t\t\t\t\t<img decoding=\"async\" src=\"https:\/\/odontologostampa.com\/wp-content\/uploads\/elementor\/thumbs\/diente-1-qz6d9x1onqvjndhqx4hou876aqayuztymz5yl04200.png\" title=\"diente (1)\" alt=\"diente (1)\" loading=\"lazy\" \/>\t\t\t\t\t\t\t\t\t\t\t\t\t\t\t<\/div>\n\t\t\t\t<\/div>\n\t\t\t\t<div class=\"elementor-element elementor-element-4d3f06d elementor-widget elementor-widget-heading\" data-id=\"4d3f06d\" data-element_type=\"widget\" data-e-type=\"widget\" data-widget_type=\"heading.default\">\n\t\t\t\t<div class=\"elementor-widget-container\">\n\t\t\t\t\t<h4 class=\"elementor-heading-title elementor-size-default\">Mucho m\u00e1s<\/h4>\t\t\t\t<\/div>\n\t\t\t\t<\/div>\n\t\t\t\t<\/div>\n\t\t<div class=\"elementor-element elementor-element-1ffc554 e-con-full e-flex e-con e-child\" data-id=\"1ffc554\" data-element_type=\"container\" data-e-type=\"container\">\n\t\t\t\t<\/div>\n\t\t\t\t\t<\/div>\n\t\t\t\t<\/div>\n\t\t\t\t<\/div>\n\t\t","protected":false},"excerpt":{"rendered":"<p>Emergencia Dental Tampa \u00a1Evaluaci\u00f3n Gratuita! Dentista de urgencias asequible en Tampa No permita que el dolor dental interrumpa su d\u00eda. Ya sea que tenga dolor de muelas, infecci\u00f3n u otra emergencia dental, nuestro equipo est\u00e1 aqu\u00ed para ayudarlo. Comun\u00edquese con nosotros de inmediato para programar una cita de emergencia dental el mismo d\u00eda en Tampa. [&hellip;]<\/p>\n","protected":false},"author":1,"featured_media":0,"parent":0,"menu_order":0,"comment_status":"closed","ping_status":"closed","template":"elementor_header_footer","meta":{"_joinchat":[],"footnotes":""},"class_list":["post-1477","page","type-page","status-publish","hentry"],"_links":{"self":[{"href":"https:\/\/odontologostampa.com\/index.php?rest_route=\/wp\/v2\/pages\/1477","targetHints":{"allow":["GET"]}}],"collection":[{"href":"https:\/\/odontologostampa.com\/index.php?rest_route=\/wp\/v2\/pages"}],"about":[{"href":"https:\/\/odontologostampa.com\/index.php?rest_route=\/wp\/v2\/types\/page"}],"author":[{"embeddable":true,"href":"https:\/\/odontologostampa.com\/index.php?rest_route=\/wp\/v2\/users\/1"}],"replies":[{"embeddable":true,"href":"https:\/\/odontologostampa.com\/index.php?rest_route=%2Fwp%2Fv2%2Fcomments&post=1477"}],"version-history":[{"count":13,"href":"https:\/\/odontologostampa.com\/index.php?rest_route=\/wp\/v2\/pages\/1477\/revisions"}],"predecessor-version":[{"id":18956,"href":"https:\/\/odontologostampa.com\/index.php?rest_route=\/wp\/v2\/pages\/1477\/revisions\/18956"}],"wp:attachment":[{"href":"https:\/\/odontologostampa.com\/index.php?rest_route=%2Fwp%2Fv2%2Fmedia&parent=1477"}],"curies":[{"name":"wp","href":"https:\/\/api.w.org\/{rel}","templated":true}]}}